{"id":2442,"date":"2022-06-22T12:02:03","date_gmt":"2022-06-22T12:02:03","guid":{"rendered":"https:\/\/www.swiftwaymoving.com\/?page_id=2442"},"modified":"2022-07-19T20:14:07","modified_gmt":"2022-07-19T20:14:07","slug":"commercial-moving","status":"publish","type":"page","link":"https:\/\/www.swiftwaymoving.com\/en\/commercial-moving\/","title":{"rendered":"Commercial moving"},"content":{"rendered":"\t\t<div data-elementor-type=\"wp-page\" data-elementor-id=\"2442\" class=\"elementor elementor-2442\" data-elementor-post-type=\"page\">\n\t\t\t\t\t\t\t\t\t<section class=\"elementor-section elementor-top-section elementor-element elementor-element-d779bf8 elementor-section-full_width elementor-section-height-default elementor-section-height-default\" data-id=\"d779bf8\" data-element_type=\"section\">\n\t\t\t\t\t\t<div class=\"elementor-container elementor-column-gap-default\">\n\t\t\t\t\t<div class=\"elementor-column elementor-col-100 elementor-top-column elementor-element elementor-element-7c2303b\" data-id=\"7c2303b\" data-element_type=\"column\">\n\t\t\t<div class=\"elementor-widget-wrap elementor-element-populated\">\n\t\t\t\t\t\t\t\t<div class=\"elementor-element elementor-element-6657359 elementor-widget elementor-widget-fastrans_service_details\" data-id=\"6657359\" data-element_type=\"widget\" data-widget_type=\"fastrans_service_details.default\">\n\t\t\t\t<div class=\"elementor-widget-container\">\n\t\t\t\t\n    <!-- Start of Service details section\n\t============================================= -->\n\t<section id=\"ft-service-details\" class=\"ft-service-details-section page-padding\">\n\t\t<div class=\"container\">\n\t\t\t<div class=\"ft-service-details-content\">\n\t\t\t\t<div class=\"row\">\n\t\t\t\t\t                    <div class=\"col-lg-4\">\n\t\t\t\t\t\t<div class=\"ft-service-sidebar\">\n                        \t<div id=\"nav_menu-3\" class=\"service-widget sidebar-widget widget_nav_menu\"><h3 class=\"widget-title\">Discover the difference!<\/h3><div class=\"menu-services-sidebar-container\"><ul id=\"menu-services-sidebar\" class=\"menu\"><li id=\"menu-item-2463\" class=\"menu-item menu-item-type-post_type menu-item-object-page menu-item-2463\"><a href=\"https:\/\/www.swiftwaymoving.com\/en\/residential-move\/\">Residential Move<\/a><\/li>\n<li id=\"menu-item-2458\" class=\"menu-item menu-item-type-post_type menu-item-object-page menu-item-2458\"><a href=\"https:\/\/www.swiftwaymoving.com\/en\/commercial-moving\/\">Commercial moving<\/a><\/li>\n<li id=\"menu-item-2462\" class=\"menu-item menu-item-type-post_type menu-item-object-page menu-item-2462\"><a href=\"https:\/\/www.swiftwaymoving.com\/en\/long-distance-moving\/\">Long distance moving<\/a><\/li>\n<li id=\"menu-item-2461\" class=\"menu-item menu-item-type-post_type menu-item-object-page menu-item-2461\"><a href=\"https:\/\/www.swiftwaymoving.com\/en\/pianos-and-heavy-objects\/\">Pianos\u00a0and\u00a0heavy objects<\/a><\/li>\n<li id=\"menu-item-2459\" class=\"menu-item menu-item-type-post_type menu-item-object-page menu-item-2459\"><a href=\"https:\/\/www.swiftwaymoving.com\/en\/boxes-supplies\/\">Boxes &#038; Supplies<\/a><\/li>\n<li id=\"menu-item-2460\" class=\"menu-item menu-item-type-post_type menu-item-object-page menu-item-2460\"><a href=\"https:\/\/www.swiftwaymoving.com\/en\/packing-and-unpacking-services\/\">Packing and unpacking services<\/a><\/li>\n<\/ul><\/div><\/div>\t\t\t\t\t\t<\/div>\n\t\t\t\t\t<\/div>\n\t\t\t\t\t                    <div class=\"col-lg-8\">\n\t\t\t\t\t\t<div class=\"ft-service-details-content-wrapper headline pera-content\">\n\t\t\t\t\t\t\t<div class=\"ft-service-details-img-wrapper\">\n\t\t\t\t\t\t\t\t<div class=\"row\">\n\t\t\t\t\t\t\t\t\t                                    <div class=\"col-md-12\">\n\t\t\t\t\t\t\t\t\t\t<div class=\"ft-service-details-img\">\n\t\t\t\t\t\t\t\t\t\t\t<img decoding=\"async\" src=\"https:\/\/www.swiftwaymoving.com\/wp-content\/uploads\/2022\/06\/4.png\" alt=\"Awesome Image\">\n\t\t\t\t\t\t\t\t\t\t<\/div>\n\t\t\t\t\t\t\t\t\t<\/div>\n                                                                        \t\t\t\t\t\t\t\t<\/div>\n\t\t\t\t\t\t\t<\/div>\n\t\t\t\t\t\t\t<div class=\"ft-service-details-text-wrapper\">\n\t\t\t\t\t\t\t\t\t\t\t\t\t\t\t\t\n\t\t\t\t\t\t\t\t<p>Swiftway Moving can help you to get the most efficient commercial moving possible. Schedule a meeting with one of our moving specialists and discuss of a plan that fits your needs.<\/p>\n<p>Labeling of the office furniture is done prior to the move and according to the floor plans. Then, identification of the new office rooms is made, in order to place the furniture in the right place during the move.<\/p>\n<p>The Swiftway Moving team will help you wrap all of your office supplies: files, fax machines, computers and artworks. We insure an efficient service while protecting your office supplies before the beginning of the move.<\/p>\n\t\t\t\t\t\t\t\t\n\t\t\t\t\t\t\t\t\t\t\t\t\t\t\t\t                                                                <p><div id=\"col1\" style=\"width:40%;float:left;margin-right:25px;position:relative;height: 291px\">                        \n<h3>Services <\/h3>\n    \n\n                        <ul>\n<li>Free on-location evaluation<\/li>\n<li>Planning<\/li>\n<li>Relocation<\/li>\n<li>Marking and Coding<\/li>\n<li>Packing and unpacking<\/li>\n<li>Disassembling and reassembling<\/li>\n<li>Disconnecting and reconnecting<br>\ncomputer systems<\/li>\n<li>Transport of electronic equipment<\/li>\n<li>Installation according to your plan<\/li>\n<li>Cubicle installation<\/li>\n<\/ul>\n<\/div><div id=\"col2\" style=\"width:40%;position:relative;float:left\">                         \n<h3>Equipment<\/h3>\n                        \n                        <ul>\n                            <li>Computer dollies<\/li>\n<li>Quilted pads<\/li>\n<li>Four wheeled dollies<\/li>\n<li>Identification labels<\/li>\n<li>Partition dollies<\/li>\n<li>Air suspension trucks to insure<br>\ntop security of your goods<\/li>\n                        <\/ul>\n<\/div> <\/p>\n\t\t\t\t\t\t\t\t\t\t\t\t\t\t\t\t    \t\n\t\t\t\t\t\t\t<\/div>\n\t\t\t\t\t\t<\/div>\n\t\t\t\t\t<\/div>\n\t\t\t\t<\/div>\n\t\t\t<\/div>\n\t\t<\/div>\n\t<\/section>\t\n\t<!-- End of Service details section\n\t============================================= -->\n    \n    \t\t<\/div>\n\t\t\t\t<\/div>\n\t\t\t\t\t<\/div>\n\t\t<\/div>\n\t\t\t\t\t\t\t<\/div>\n\t\t<\/section>\n\t\t\t\t\t\t\t<\/div>\n\t\t","protected":false},"excerpt":{"rendered":"<p>D\u00e9couvrez la diff\u00e9rence ! D\u00e9m\u00e9nagement r\u00e9sidentiel Commercial moving D\u00e9m\u00e9nagement longue distance Pianos et mat\u00e9riels lourds Bo\u00eetes et accessoires Services d\u2019emballage et d\u00e9ballage Swiftway Moving can help you to get the most efficient commercial moving possible. Schedule a meeting with one of our moving specialists and discuss of a plan that fits your needs. Labeling of [&hellip;]<\/p>\n","protected":false},"author":1,"featured_media":0,"parent":0,"menu_order":0,"comment_status":"closed","ping_status":"closed","template":"tpl-default-elementor.php","meta":{"footnotes":""},"yoast_head":"<!-- This site is optimized with the Yoast SEO plugin v21.5 - https:\/\/yoast.com\/wordpress\/plugins\/seo\/ -->\n<title>Commercial moving - D\u00e9m\u00e9nagement Swiftway Moving<\/title>\n<meta name=\"robots\" content=\"index, follow, max-snippet:-1, max-image-preview:large, max-video-preview:-1\" \/>\n<link rel=\"canonical\" href=\"https:\/\/www.swiftwaymoving.com\/en\/commercial-moving\/\" \/>\n<meta property=\"og:locale\" content=\"en_US\" \/>\n<meta property=\"og:type\" content=\"article\" \/>\n<meta property=\"og:title\" content=\"Commercial moving - D\u00e9m\u00e9nagement Swiftway Moving\" \/>\n<meta property=\"og:description\" content=\"D\u00e9couvrez la diff\u00e9rence ! D\u00e9m\u00e9nagement r\u00e9sidentiel Commercial moving D\u00e9m\u00e9nagement longue distance Pianos et mat\u00e9riels lourds Bo\u00eetes et accessoires Services d\u2019emballage et d\u00e9ballage Swiftway Moving can help you to get the most efficient commercial moving possible. Schedule a meeting with one of our moving specialists and discuss of a plan that fits your needs. Labeling of [&hellip;]\" \/>\n<meta property=\"og:url\" content=\"https:\/\/www.swiftwaymoving.com\/en\/commercial-moving\/\" \/>\n<meta property=\"og:site_name\" content=\"D\u00e9m\u00e9nagement Swiftway Moving\" \/>\n<meta property=\"article:modified_time\" content=\"2022-07-19T20:14:07+00:00\" \/>\n<meta property=\"og:image\" content=\"https:\/\/www.swiftwaymoving.com\/wp-content\/uploads\/2022\/06\/4.png\" \/>\n<meta name=\"twitter:card\" content=\"summary_large_image\" \/>\n<meta name=\"twitter:label1\" content=\"Est. reading time\" \/>\n\t<meta name=\"twitter:data1\" content=\"1 minute\" \/>\n<script type=\"application\/ld+json\" class=\"yoast-schema-graph\">{\"@context\":\"https:\/\/schema.org\",\"@graph\":[{\"@type\":\"WebPage\",\"@id\":\"https:\/\/www.swiftwaymoving.com\/en\/commercial-moving\/\",\"url\":\"https:\/\/www.swiftwaymoving.com\/en\/commercial-moving\/\",\"name\":\"Commercial moving - D\u00e9m\u00e9nagement Swiftway Moving\",\"isPartOf\":{\"@id\":\"https:\/\/www.swiftwaymoving.com\/en\/#website\"},\"datePublished\":\"2022-06-22T12:02:03+00:00\",\"dateModified\":\"2022-07-19T20:14:07+00:00\",\"breadcrumb\":{\"@id\":\"https:\/\/www.swiftwaymoving.com\/en\/commercial-moving\/#breadcrumb\"},\"inLanguage\":\"en-US\",\"potentialAction\":[{\"@type\":\"ReadAction\",\"target\":[\"https:\/\/www.swiftwaymoving.com\/en\/commercial-moving\/\"]}]},{\"@type\":\"BreadcrumbList\",\"@id\":\"https:\/\/www.swiftwaymoving.com\/en\/commercial-moving\/#breadcrumb\",\"itemListElement\":[{\"@type\":\"ListItem\",\"position\":1,\"name\":\"Accueil\",\"item\":\"https:\/\/www.swiftwaymoving.com\/en\/\"},{\"@type\":\"ListItem\",\"position\":2,\"name\":\"Commercial moving\"}]},{\"@type\":\"WebSite\",\"@id\":\"https:\/\/www.swiftwaymoving.com\/en\/#website\",\"url\":\"https:\/\/www.swiftwaymoving.com\/en\/\",\"name\":\"D\u00e9m\u00e9nagement Swiftway Moving\",\"description\":\"\",\"publisher\":{\"@id\":\"https:\/\/www.swiftwaymoving.com\/en\/#organization\"},\"potentialAction\":[{\"@type\":\"SearchAction\",\"target\":{\"@type\":\"EntryPoint\",\"urlTemplate\":\"https:\/\/www.swiftwaymoving.com\/en\/?s={search_term_string}\"},\"query-input\":\"required name=search_term_string\"}],\"inLanguage\":\"en-US\"},{\"@type\":\"Organization\",\"@id\":\"https:\/\/www.swiftwaymoving.com\/en\/#organization\",\"name\":\"D\u00e9m\u00e9nagement Swiftway Moving\",\"url\":\"https:\/\/www.swiftwaymoving.com\/en\/\",\"logo\":{\"@type\":\"ImageObject\",\"inLanguage\":\"en-US\",\"@id\":\"https:\/\/www.swiftwaymoving.com\/en\/#\/schema\/logo\/image\/\",\"url\":\"https:\/\/www.swiftwaymoving.com\/wp-content\/uploads\/2022\/06\/logo_swiftway.png\",\"contentUrl\":\"https:\/\/www.swiftwaymoving.com\/wp-content\/uploads\/2022\/06\/logo_swiftway.png\",\"width\":2062,\"height\":584,\"caption\":\"D\u00e9m\u00e9nagement Swiftway Moving\"},\"image\":{\"@id\":\"https:\/\/www.swiftwaymoving.com\/en\/#\/schema\/logo\/image\/\"}}]}<\/script>\n<!-- \/ Yoast SEO plugin. -->","yoast_head_json":{"title":"Commercial moving - D\u00e9m\u00e9nagement Swiftway Moving","robots":{"index":"index","follow":"follow","max-snippet":"max-snippet:-1","max-image-preview":"max-image-preview:large","max-video-preview":"max-video-preview:-1"},"canonical":"https:\/\/www.swiftwaymoving.com\/en\/commercial-moving\/","og_locale":"en_US","og_type":"article","og_title":"Commercial moving - D\u00e9m\u00e9nagement Swiftway Moving","og_description":"D\u00e9couvrez la diff\u00e9rence ! D\u00e9m\u00e9nagement r\u00e9sidentiel Commercial moving D\u00e9m\u00e9nagement longue distance Pianos et mat\u00e9riels lourds Bo\u00eetes et accessoires Services d\u2019emballage et d\u00e9ballage Swiftway Moving can help you to get the most efficient commercial moving possible. Schedule a meeting with one of our moving specialists and discuss of a plan that fits your needs. Labeling of [&hellip;]","og_url":"https:\/\/www.swiftwaymoving.com\/en\/commercial-moving\/","og_site_name":"D\u00e9m\u00e9nagement Swiftway Moving","article_modified_time":"2022-07-19T20:14:07+00:00","og_image":[{"url":"https:\/\/www.swiftwaymoving.com\/wp-content\/uploads\/2022\/06\/4.png"}],"twitter_card":"summary_large_image","twitter_misc":{"Est. reading time":"1 minute"},"schema":{"@context":"https:\/\/schema.org","@graph":[{"@type":"WebPage","@id":"https:\/\/www.swiftwaymoving.com\/en\/commercial-moving\/","url":"https:\/\/www.swiftwaymoving.com\/en\/commercial-moving\/","name":"Commercial moving - D\u00e9m\u00e9nagement Swiftway Moving","isPartOf":{"@id":"https:\/\/www.swiftwaymoving.com\/en\/#website"},"datePublished":"2022-06-22T12:02:03+00:00","dateModified":"2022-07-19T20:14:07+00:00","breadcrumb":{"@id":"https:\/\/www.swiftwaymoving.com\/en\/commercial-moving\/#breadcrumb"},"inLanguage":"en-US","potentialAction":[{"@type":"ReadAction","target":["https:\/\/www.swiftwaymoving.com\/en\/commercial-moving\/"]}]},{"@type":"BreadcrumbList","@id":"https:\/\/www.swiftwaymoving.com\/en\/commercial-moving\/#breadcrumb","itemListElement":[{"@type":"ListItem","position":1,"name":"Accueil","item":"https:\/\/www.swiftwaymoving.com\/en\/"},{"@type":"ListItem","position":2,"name":"Commercial moving"}]},{"@type":"WebSite","@id":"https:\/\/www.swiftwaymoving.com\/en\/#website","url":"https:\/\/www.swiftwaymoving.com\/en\/","name":"D\u00e9m\u00e9nagement Swiftway Moving","description":"","publisher":{"@id":"https:\/\/www.swiftwaymoving.com\/en\/#organization"},"potentialAction":[{"@type":"SearchAction","target":{"@type":"EntryPoint","urlTemplate":"https:\/\/www.swiftwaymoving.com\/en\/?s={search_term_string}"},"query-input":"required name=search_term_string"}],"inLanguage":"en-US"},{"@type":"Organization","@id":"https:\/\/www.swiftwaymoving.com\/en\/#organization","name":"D\u00e9m\u00e9nagement Swiftway Moving","url":"https:\/\/www.swiftwaymoving.com\/en\/","logo":{"@type":"ImageObject","inLanguage":"en-US","@id":"https:\/\/www.swiftwaymoving.com\/en\/#\/schema\/logo\/image\/","url":"https:\/\/www.swiftwaymoving.com\/wp-content\/uploads\/2022\/06\/logo_swiftway.png","contentUrl":"https:\/\/www.swiftwaymoving.com\/wp-content\/uploads\/2022\/06\/logo_swiftway.png","width":2062,"height":584,"caption":"D\u00e9m\u00e9nagement Swiftway Moving"},"image":{"@id":"https:\/\/www.swiftwaymoving.com\/en\/#\/schema\/logo\/image\/"}}]}},"_links":{"self":[{"href":"https:\/\/www.swiftwaymoving.com\/en\/wp-json\/wp\/v2\/pages\/2442"}],"collection":[{"href":"https:\/\/www.swiftwaymoving.com\/en\/wp-json\/wp\/v2\/pages"}],"about":[{"href":"https:\/\/www.swiftwaymoving.com\/en\/wp-json\/wp\/v2\/types\/page"}],"author":[{"embeddable":true,"href":"https:\/\/www.swiftwaymoving.com\/en\/wp-json\/wp\/v2\/users\/1"}],"replies":[{"embeddable":true,"href":"https:\/\/www.swiftwaymoving.com\/en\/wp-json\/wp\/v2\/comments?post=2442"}],"version-history":[{"count":19,"href":"https:\/\/www.swiftwaymoving.com\/en\/wp-json\/wp\/v2\/pages\/2442\/revisions"}],"predecessor-version":[{"id":3208,"href":"https:\/\/www.swiftwaymoving.com\/en\/wp-json\/wp\/v2\/pages\/2442\/revisions\/3208"}],"wp:attachment":[{"href":"https:\/\/www.swiftwaymoving.com\/en\/wp-json\/wp\/v2\/media?parent=2442"}],"curies":[{"name":"wp","href":"https:\/\/api.w.org\/{rel}","templated":true}]}}