{"id":689,"date":"2021-10-05T12:52:39","date_gmt":"2021-10-05T12:52:39","guid":{"rendered":"https:\/\/themexriver.com\/wp\/fastrans\/?page_id=689"},"modified":"2022-07-20T18:27:01","modified_gmt":"2022-07-20T18:27:01","slug":"tips-and-tricks","status":"publish","type":"page","link":"https:\/\/www.swiftwaymoving.com\/en\/tips-and-tricks\/","title":{"rendered":"Tips and Tricks"},"content":{"rendered":"\t\t<div data-elementor-type=\"wp-page\" data-elementor-id=\"689\" class=\"elementor elementor-689\" data-elementor-post-type=\"page\">\n\t\t\t\t\t\t\t\t\t<section class=\"elementor-section elementor-top-section elementor-element elementor-element-e6b69c9 elementor-section-full_width elementor-section-height-default elementor-section-height-default\" data-id=\"e6b69c9\" data-element_type=\"section\">\n\t\t\t\t\t\t<div class=\"elementor-container elementor-column-gap-default\">\n\t\t\t\t\t<div class=\"elementor-column elementor-col-100 elementor-top-column elementor-element elementor-element-0c37c6e\" data-id=\"0c37c6e\" data-element_type=\"column\">\n\t\t\t<div class=\"elementor-widget-wrap elementor-element-populated\">\n\t\t\t\t\t\t\t\t\t<\/div>\n\t\t<\/div>\n\t\t\t\t\t\t\t<\/div>\n\t\t<\/section>\n\t\t\t\t<section class=\"elementor-section elementor-top-section elementor-element elementor-element-a05eead elementor-section-boxed elementor-section-height-default elementor-section-height-default\" data-id=\"a05eead\" data-element_type=\"section\">\n\t\t\t\t\t\t<div class=\"elementor-container elementor-column-gap-default\">\n\t\t\t\t\t<div class=\"elementor-column elementor-col-100 elementor-top-column elementor-element elementor-element-7243d32\" data-id=\"7243d32\" data-element_type=\"column\">\n\t\t\t<div class=\"elementor-widget-wrap elementor-element-populated\">\n\t\t\t\t\t\t\t\t<div class=\"elementor-element elementor-element-13d430d elementor-widget elementor-widget-heading\" data-id=\"13d430d\" data-element_type=\"widget\" data-widget_type=\"heading.default\">\n\t\t\t\t<div class=\"elementor-widget-container\">\n\t\t\t<style>\/*! elementor - v3.17.0 - 01-11-2023 *\/\n.elementor-heading-title{padding:0;margin:0;line-height:1}.elementor-widget-heading .elementor-heading-title[class*=elementor-size-]>a{color:inherit;font-size:inherit;line-height:inherit}.elementor-widget-heading .elementor-heading-title.elementor-size-small{font-size:15px}.elementor-widget-heading .elementor-heading-title.elementor-size-medium{font-size:19px}.elementor-widget-heading .elementor-heading-title.elementor-size-large{font-size:29px}.elementor-widget-heading .elementor-heading-title.elementor-size-xl{font-size:39px}.elementor-widget-heading .elementor-heading-title.elementor-size-xxl{font-size:59px}<\/style><h3 class=\"elementor-heading-title elementor-size-default\">How many boxes are needed for your move?<\/h3>\t\t<\/div>\n\t\t\t\t<\/div>\n\t\t\t\t<div class=\"elementor-element elementor-element-2c43109 elementor-widget elementor-widget-text-editor\" data-id=\"2c43109\" data-element_type=\"widget\" data-widget_type=\"text-editor.default\">\n\t\t\t\t<div class=\"elementor-widget-container\">\n\t\t\t<style>\/*! elementor - v3.17.0 - 01-11-2023 *\/\n.elementor-widget-text-editor.elementor-drop-cap-view-stacked .elementor-drop-cap{background-color:#69727d;color:#fff}.elementor-widget-text-editor.elementor-drop-cap-view-framed .elementor-drop-cap{color:#69727d;border:3px solid;background-color:transparent}.elementor-widget-text-editor:not(.elementor-drop-cap-view-default) .elementor-drop-cap{margin-top:8px}.elementor-widget-text-editor:not(.elementor-drop-cap-view-default) .elementor-drop-cap-letter{width:1em;height:1em}.elementor-widget-text-editor .elementor-drop-cap{float:left;text-align:center;line-height:1;font-size:50px}.elementor-widget-text-editor .elementor-drop-cap-letter{display:inline-block}<\/style>\t\t\t\t<div id=\"content\"><div id=\"internal_content\"><div class=\"internal_two_cols\"><div class=\"internal_right\"><p class=\"table_extrainfo\">*All quantities are approximate as individual needs vary.<\/p><\/div><\/div><\/div><\/div>\t\t\t\t\t\t<\/div>\n\t\t\t\t<\/div>\n\t\t\t\t<div class=\"elementor-element elementor-element-b965468 elementor-align-center elementor-widget elementor-widget-button\" data-id=\"b965468\" data-element_type=\"widget\" data-widget_type=\"button.default\">\n\t\t\t\t<div class=\"elementor-widget-container\">\n\t\t\t\t\t<div class=\"elementor-button-wrapper\">\n\t\t\t<a class=\"elementor-button elementor-button-link elementor-size-lg\" href=\"tel:5145717776\">\n\t\t\t\t\t\t<span class=\"elementor-button-content-wrapper\">\n\t\t\t\t\t\t<span class=\"elementor-button-icon elementor-align-icon-left\">\n\t\t\t\t<i aria-hidden=\"true\" class=\"far fa-question-circle\"><\/i>\t\t\t<\/span>\n\t\t\t\t\t\t<span class=\"elementor-button-text\"><b style=font-size:1.2em;\">Have question ?   <\/b>Call-Us<\/span>\n\t\t<\/span>\n\t\t\t\t\t<\/a>\n\t\t<\/div>\n\t\t\t\t<\/div>\n\t\t\t\t<\/div>\n\t\t\t\t\t<\/div>\n\t\t<\/div>\n\t\t\t\t\t\t\t<\/div>\n\t\t<\/section>\n\t\t\t\t\t\t\t<\/div>\n\t\t","protected":false},"excerpt":{"rendered":"<p>Discover the tips and tricks for a successful move. Conseils d&#8217;emballage Si vous avez choisi d&#8217;emballer vous-m\u00eame vos affaires, sachez qu&rsquo;un bon emballage est la cl\u00e9 d&rsquo;un d\u00e9m\u00e9nagement r\u00e9ussi. Des objets mal emball\u00e9s ont toutes les chances d&rsquo;\u00eatre abim\u00e9s. Procurez-vous du mat\u00e9riel en quantit\u00e9 suffisante, planifiez votre emballage suffisamment \u00e0 l&rsquo;avance. Faites quelques cartons tous [&hellip;]<\/p>\n","protected":false},"author":1,"featured_media":0,"parent":0,"menu_order":0,"comment_status":"closed","ping_status":"closed","template":"tpl-default-elementor.php","meta":{"footnotes":""},"yoast_head":"<!-- This site is optimized with the Yoast SEO plugin v21.5 - https:\/\/yoast.com\/wordpress\/plugins\/seo\/ -->\n<title>Tips and Tricks - D\u00e9m\u00e9nagement Swiftway Moving<\/title>\n<meta name=\"robots\" content=\"index, follow, max-snippet:-1, max-image-preview:large, max-video-preview:-1\" \/>\n<link rel=\"canonical\" href=\"https:\/\/www.swiftwaymoving.com\/en\/tips-and-tricks\/\" \/>\n<meta property=\"og:locale\" content=\"en_US\" \/>\n<meta property=\"og:type\" content=\"article\" \/>\n<meta property=\"og:title\" content=\"Tips and Tricks - D\u00e9m\u00e9nagement Swiftway Moving\" \/>\n<meta property=\"og:description\" content=\"Discover the tips and tricks for a successful move. Conseils d&#8217;emballage Si vous avez choisi d&#8217;emballer vous-m\u00eame vos affaires, sachez qu&rsquo;un bon emballage est la cl\u00e9 d&rsquo;un d\u00e9m\u00e9nagement r\u00e9ussi. Des objets mal emball\u00e9s ont toutes les chances d&rsquo;\u00eatre abim\u00e9s. Procurez-vous du mat\u00e9riel en quantit\u00e9 suffisante, planifiez votre emballage suffisamment \u00e0 l&rsquo;avance. Faites quelques cartons tous [&hellip;]\" \/>\n<meta property=\"og:url\" content=\"https:\/\/www.swiftwaymoving.com\/en\/tips-and-tricks\/\" \/>\n<meta property=\"og:site_name\" content=\"D\u00e9m\u00e9nagement Swiftway Moving\" \/>\n<meta property=\"article:modified_time\" content=\"2022-07-20T18:27:01+00:00\" \/>\n<meta name=\"twitter:card\" content=\"summary_large_image\" \/>\n<meta name=\"twitter:label1\" content=\"Est. reading time\" \/>\n\t<meta name=\"twitter:data1\" content=\"2 minutes\" \/>\n<script type=\"application\/ld+json\" class=\"yoast-schema-graph\">{\"@context\":\"https:\/\/schema.org\",\"@graph\":[{\"@type\":\"WebPage\",\"@id\":\"https:\/\/www.swiftwaymoving.com\/en\/tips-and-tricks\/\",\"url\":\"https:\/\/www.swiftwaymoving.com\/en\/tips-and-tricks\/\",\"name\":\"Tips and Tricks - D\u00e9m\u00e9nagement Swiftway Moving\",\"isPartOf\":{\"@id\":\"https:\/\/www.swiftwaymoving.com\/en\/#website\"},\"datePublished\":\"2021-10-05T12:52:39+00:00\",\"dateModified\":\"2022-07-20T18:27:01+00:00\",\"breadcrumb\":{\"@id\":\"https:\/\/www.swiftwaymoving.com\/en\/tips-and-tricks\/#breadcrumb\"},\"inLanguage\":\"en-US\",\"potentialAction\":[{\"@type\":\"ReadAction\",\"target\":[\"https:\/\/www.swiftwaymoving.com\/en\/tips-and-tricks\/\"]}]},{\"@type\":\"BreadcrumbList\",\"@id\":\"https:\/\/www.swiftwaymoving.com\/en\/tips-and-tricks\/#breadcrumb\",\"itemListElement\":[{\"@type\":\"ListItem\",\"position\":1,\"name\":\"Accueil\",\"item\":\"https:\/\/www.swiftwaymoving.com\/en\/\"},{\"@type\":\"ListItem\",\"position\":2,\"name\":\"Tips and Tricks\"}]},{\"@type\":\"WebSite\",\"@id\":\"https:\/\/www.swiftwaymoving.com\/en\/#website\",\"url\":\"https:\/\/www.swiftwaymoving.com\/en\/\",\"name\":\"D\u00e9m\u00e9nagement Swiftway Moving\",\"description\":\"\",\"publisher\":{\"@id\":\"https:\/\/www.swiftwaymoving.com\/en\/#organization\"},\"potentialAction\":[{\"@type\":\"SearchAction\",\"target\":{\"@type\":\"EntryPoint\",\"urlTemplate\":\"https:\/\/www.swiftwaymoving.com\/en\/?s={search_term_string}\"},\"query-input\":\"required name=search_term_string\"}],\"inLanguage\":\"en-US\"},{\"@type\":\"Organization\",\"@id\":\"https:\/\/www.swiftwaymoving.com\/en\/#organization\",\"name\":\"D\u00e9m\u00e9nagement Swiftway Moving\",\"url\":\"https:\/\/www.swiftwaymoving.com\/en\/\",\"logo\":{\"@type\":\"ImageObject\",\"inLanguage\":\"en-US\",\"@id\":\"https:\/\/www.swiftwaymoving.com\/en\/#\/schema\/logo\/image\/\",\"url\":\"https:\/\/www.swiftwaymoving.com\/wp-content\/uploads\/2022\/06\/logo_swiftway.png\",\"contentUrl\":\"https:\/\/www.swiftwaymoving.com\/wp-content\/uploads\/2022\/06\/logo_swiftway.png\",\"width\":2062,\"height\":584,\"caption\":\"D\u00e9m\u00e9nagement Swiftway Moving\"},\"image\":{\"@id\":\"https:\/\/www.swiftwaymoving.com\/en\/#\/schema\/logo\/image\/\"}}]}<\/script>\n<!-- \/ Yoast SEO plugin. -->","yoast_head_json":{"title":"Tips and Tricks - D\u00e9m\u00e9nagement Swiftway Moving","robots":{"index":"index","follow":"follow","max-snippet":"max-snippet:-1","max-image-preview":"max-image-preview:large","max-video-preview":"max-video-preview:-1"},"canonical":"https:\/\/www.swiftwaymoving.com\/en\/tips-and-tricks\/","og_locale":"en_US","og_type":"article","og_title":"Tips and Tricks - D\u00e9m\u00e9nagement Swiftway Moving","og_description":"Discover the tips and tricks for a successful move. Conseils d&#8217;emballage Si vous avez choisi d&#8217;emballer vous-m\u00eame vos affaires, sachez qu&rsquo;un bon emballage est la cl\u00e9 d&rsquo;un d\u00e9m\u00e9nagement r\u00e9ussi. Des objets mal emball\u00e9s ont toutes les chances d&rsquo;\u00eatre abim\u00e9s. Procurez-vous du mat\u00e9riel en quantit\u00e9 suffisante, planifiez votre emballage suffisamment \u00e0 l&rsquo;avance. Faites quelques cartons tous [&hellip;]","og_url":"https:\/\/www.swiftwaymoving.com\/en\/tips-and-tricks\/","og_site_name":"D\u00e9m\u00e9nagement Swiftway Moving","article_modified_time":"2022-07-20T18:27:01+00:00","twitter_card":"summary_large_image","twitter_misc":{"Est. reading time":"2 minutes"},"schema":{"@context":"https:\/\/schema.org","@graph":[{"@type":"WebPage","@id":"https:\/\/www.swiftwaymoving.com\/en\/tips-and-tricks\/","url":"https:\/\/www.swiftwaymoving.com\/en\/tips-and-tricks\/","name":"Tips and Tricks - D\u00e9m\u00e9nagement Swiftway Moving","isPartOf":{"@id":"https:\/\/www.swiftwaymoving.com\/en\/#website"},"datePublished":"2021-10-05T12:52:39+00:00","dateModified":"2022-07-20T18:27:01+00:00","breadcrumb":{"@id":"https:\/\/www.swiftwaymoving.com\/en\/tips-and-tricks\/#breadcrumb"},"inLanguage":"en-US","potentialAction":[{"@type":"ReadAction","target":["https:\/\/www.swiftwaymoving.com\/en\/tips-and-tricks\/"]}]},{"@type":"BreadcrumbList","@id":"https:\/\/www.swiftwaymoving.com\/en\/tips-and-tricks\/#breadcrumb","itemListElement":[{"@type":"ListItem","position":1,"name":"Accueil","item":"https:\/\/www.swiftwaymoving.com\/en\/"},{"@type":"ListItem","position":2,"name":"Tips and Tricks"}]},{"@type":"WebSite","@id":"https:\/\/www.swiftwaymoving.com\/en\/#website","url":"https:\/\/www.swiftwaymoving.com\/en\/","name":"D\u00e9m\u00e9nagement Swiftway Moving","description":"","publisher":{"@id":"https:\/\/www.swiftwaymoving.com\/en\/#organization"},"potentialAction":[{"@type":"SearchAction","target":{"@type":"EntryPoint","urlTemplate":"https:\/\/www.swiftwaymoving.com\/en\/?s={search_term_string}"},"query-input":"required name=search_term_string"}],"inLanguage":"en-US"},{"@type":"Organization","@id":"https:\/\/www.swiftwaymoving.com\/en\/#organization","name":"D\u00e9m\u00e9nagement Swiftway Moving","url":"https:\/\/www.swiftwaymoving.com\/en\/","logo":{"@type":"ImageObject","inLanguage":"en-US","@id":"https:\/\/www.swiftwaymoving.com\/en\/#\/schema\/logo\/image\/","url":"https:\/\/www.swiftwaymoving.com\/wp-content\/uploads\/2022\/06\/logo_swiftway.png","contentUrl":"https:\/\/www.swiftwaymoving.com\/wp-content\/uploads\/2022\/06\/logo_swiftway.png","width":2062,"height":584,"caption":"D\u00e9m\u00e9nagement Swiftway Moving"},"image":{"@id":"https:\/\/www.swiftwaymoving.com\/en\/#\/schema\/logo\/image\/"}}]}},"_links":{"self":[{"href":"https:\/\/www.swiftwaymoving.com\/en\/wp-json\/wp\/v2\/pages\/689"}],"collection":[{"href":"https:\/\/www.swiftwaymoving.com\/en\/wp-json\/wp\/v2\/pages"}],"about":[{"href":"https:\/\/www.swiftwaymoving.com\/en\/wp-json\/wp\/v2\/types\/page"}],"author":[{"embeddable":true,"href":"https:\/\/www.swiftwaymoving.com\/en\/wp-json\/wp\/v2\/users\/1"}],"replies":[{"embeddable":true,"href":"https:\/\/www.swiftwaymoving.com\/en\/wp-json\/wp\/v2\/comments?post=689"}],"version-history":[{"count":54,"href":"https:\/\/www.swiftwaymoving.com\/en\/wp-json\/wp\/v2\/pages\/689\/revisions"}],"predecessor-version":[{"id":3467,"href":"https:\/\/www.swiftwaymoving.com\/en\/wp-json\/wp\/v2\/pages\/689\/revisions\/3467"}],"wp:attachment":[{"href":"https:\/\/www.swiftwaymoving.com\/en\/wp-json\/wp\/v2\/media?parent=689"}],"curies":[{"name":"wp","href":"https:\/\/api.w.org\/{rel}","templated":true}]}}