{"id":856,"date":"2021-10-07T05:19:42","date_gmt":"2021-10-07T05:19:42","guid":{"rendered":"https:\/\/themexriver.com\/wp\/fastrans\/?page_id=856"},"modified":"2022-07-19T20:24:12","modified_gmt":"2022-07-19T20:24:12","slug":"residential-move","status":"publish","type":"page","link":"https:\/\/www.swiftwaymoving.com\/en\/residential-move\/","title":{"rendered":"Residential Move"},"content":{"rendered":"\t\t<div data-elementor-type=\"wp-page\" data-elementor-id=\"856\" class=\"elementor elementor-856\" data-elementor-post-type=\"page\">\n\t\t\t\t\t\t\t\t\t<section class=\"elementor-section elementor-top-section elementor-element elementor-element-d779bf8 elementor-section-full_width elementor-section-height-default elementor-section-height-default\" data-id=\"d779bf8\" data-element_type=\"section\" data-settings=\"{&quot;background_background&quot;:&quot;classic&quot;}\">\n\t\t\t\t\t\t<div class=\"elementor-container elementor-column-gap-default\">\n\t\t\t\t\t<div class=\"elementor-column elementor-col-100 elementor-top-column elementor-element elementor-element-7c2303b\" data-id=\"7c2303b\" data-element_type=\"column\">\n\t\t\t<div class=\"elementor-widget-wrap elementor-element-populated\">\n\t\t\t\t\t\t\t\t<div class=\"elementor-element elementor-element-6657359 elementor-widget elementor-widget-fastrans_service_details\" data-id=\"6657359\" data-element_type=\"widget\" data-widget_type=\"fastrans_service_details.default\">\n\t\t\t\t<div class=\"elementor-widget-container\">\n\t\t\t\t\n    <!-- Start of Service details section\n\t============================================= -->\n\t<section id=\"ft-service-details\" class=\"ft-service-details-section page-padding\">\n\t\t<div class=\"container\">\n\t\t\t<div class=\"ft-service-details-content\">\n\t\t\t\t<div class=\"row\">\n\t\t\t\t\t                    <div class=\"col-lg-4\">\n\t\t\t\t\t\t<div class=\"ft-service-sidebar\">\n                        \t<div id=\"nav_menu-3\" class=\"service-widget sidebar-widget widget_nav_menu\"><h3 class=\"widget-title\">Discover the difference!<\/h3><div class=\"menu-services-sidebar-container\"><ul id=\"menu-services-sidebar\" class=\"menu\"><li id=\"menu-item-2463\" class=\"menu-item menu-item-type-post_type menu-item-object-page menu-item-2463\"><a href=\"https:\/\/www.swiftwaymoving.com\/en\/residential-move\/\">Residential Move<\/a><\/li>\n<li id=\"menu-item-2458\" class=\"menu-item menu-item-type-post_type menu-item-object-page menu-item-2458\"><a href=\"https:\/\/www.swiftwaymoving.com\/en\/commercial-moving\/\">Commercial moving<\/a><\/li>\n<li id=\"menu-item-2462\" class=\"menu-item menu-item-type-post_type menu-item-object-page menu-item-2462\"><a href=\"https:\/\/www.swiftwaymoving.com\/en\/long-distance-moving\/\">Long distance moving<\/a><\/li>\n<li id=\"menu-item-2461\" class=\"menu-item menu-item-type-post_type menu-item-object-page menu-item-2461\"><a href=\"https:\/\/www.swiftwaymoving.com\/en\/pianos-and-heavy-objects\/\">Pianos\u00a0and\u00a0heavy objects<\/a><\/li>\n<li id=\"menu-item-2459\" class=\"menu-item menu-item-type-post_type menu-item-object-page menu-item-2459\"><a href=\"https:\/\/www.swiftwaymoving.com\/en\/boxes-supplies\/\">Boxes &#038; Supplies<\/a><\/li>\n<li id=\"menu-item-2460\" class=\"menu-item menu-item-type-post_type menu-item-object-page menu-item-2460\"><a href=\"https:\/\/www.swiftwaymoving.com\/en\/packing-and-unpacking-services\/\">Packing and unpacking services<\/a><\/li>\n<\/ul><\/div><\/div>\t\t\t\t\t\t<\/div>\n\t\t\t\t\t<\/div>\n\t\t\t\t\t                    <div class=\"col-lg-8\">\n\t\t\t\t\t\t<div class=\"ft-service-details-content-wrapper headline pera-content\">\n\t\t\t\t\t\t\t<div class=\"ft-service-details-img-wrapper\">\n\t\t\t\t\t\t\t\t<div class=\"row\">\n\t\t\t\t\t\t\t\t\t                                    \t\t\t\t\t\t\t\t\t<div class=\"col-md-6\">\n\t\t\t\t\t\t\t\t\t\t                                        \t\t\t\t\t\t\t\t\t\t<div class=\"ft-service-details-img\">\n\t\t\t\t\t\t\t\t\t\t\t<img decoding=\"async\" src=\"https:\/\/www.swiftwaymoving.com\/wp-content\/uploads\/2022\/06\/2.png\" alt=\"Awesome Image\">\n\t\t\t\t\t\t\t\t\t\t<\/div>\n                                        \t\t\t\t\t\t\t\t\t<\/div>\n                                    \t\t\t\t\t\t\t\t<\/div>\n\t\t\t\t\t\t\t<\/div>\n\t\t\t\t\t\t\t<div class=\"ft-service-details-text-wrapper\">\n\t\t\t\t\t\t\t\t\t\t\t\t\t\t\t\t\n\t\t\t\t\t\t\t\t<p>Many different elements come into consideration when evaluating the total cost of a move. Fortunately, the client can control most of these.<\/p>\n                        <h3>Here are some of the questions you should ask prior to the move:<\/h3>\n                        <ul>\n<li>Will you be 100% ready when the movers show up?<\/li>\n<li>Are all your goods packed in boxes?<\/li>\n<li>Can the truck park close to your house?<\/li>\n<li>Do you own some items that will be difficult to move around?<br \/>\n  <\/li>\n<\/ul>\n                      <p>The answers to these questions are determinant in the final cost of a local move.<\/p>\n<h3>Local Moving Rates<\/h3>\n                        \n                        <p>All local moving fees are based on rates by the hour (Fragile items packing service can be requested by the client). Billing starts upon moving team arrival on initial site and stops at the end of the complete unloading at the final destination, plus one hour for the team to return to the office.<\/p>\t\t\t\t\t\t\t\t\n\t\t\t\t\t\t\t\t\t\t\t\t\t\t\t\t                                                                <p>                 <h3>Included in Local Moves:<\/h3>\n                        \n                        <ol>\n<li>Insurance coverage for handling and transport<\/li>\n<li>Disassembly and reassembly of beds and wood furniture<\/li>\n<li>Disconnection of appliances: oven, refrigerator, washer &amp; dryer, etc.<\/li>\n<li>Protection of all of your furniture during the move<\/li>\n<li>Protection of floors in your old &amp; new residence during the move<\/li>\n<li>Blankets, tape and shrink wrapping<\/li>\n<li>Plastic wrapping for furniture and sofas<\/li>\n<\/ol>\n                        \n<h3>Additionnal Fees of Local Moves<\/h3>\n                        \n                        <p>Are also included in the normal fee: special packaging of glass and fragile items. Very heavy objects, such as pianos, pool table, etc., will cost extra (when climbing stairs are involved).<\/p> <\/p>\n\t\t\t\t\t\t\t\t\t\t\t\t\t\t\t\t    \t\n\t\t\t\t\t\t\t<\/div>\n\t\t\t\t\t\t<\/div>\n\t\t\t\t\t<\/div>\n\t\t\t\t<\/div>\n\t\t\t<\/div>\n\t\t<\/div>\n\t<\/section>\t\n\t<!-- End of Service details section\n\t============================================= -->\n    \n    \t\t<\/div>\n\t\t\t\t<\/div>\n\t\t\t\t\t<\/div>\n\t\t<\/div>\n\t\t\t\t\t\t\t<\/div>\n\t\t<\/section>\n\t\t\t\t\t\t\t<\/div>\n\t\t","protected":false},"excerpt":{"rendered":"<p>D\u00e9couvrez la diff\u00e9rence ! Residential Move Commercial moving Long distance moving Pianos et mat\u00e9riels lourds Bo\u00eetes et accessoires Services d\u2019emballage et d\u00e9ballage Many different elements come into consideration when evaluating the total cost of a move. Fortunately, the client can control most of these. Here are some of the questions you should ask prior to [&hellip;]<\/p>\n","protected":false},"author":1,"featured_media":0,"parent":0,"menu_order":0,"comment_status":"closed","ping_status":"closed","template":"tpl-default-elementor.php","meta":{"footnotes":""},"yoast_head":"<!-- This site is optimized with the Yoast SEO plugin v21.5 - https:\/\/yoast.com\/wordpress\/plugins\/seo\/ -->\n<title>Residential Move - D\u00e9m\u00e9nagement Swiftway Moving<\/title>\n<meta name=\"robots\" content=\"index, follow, max-snippet:-1, max-image-preview:large, max-video-preview:-1\" \/>\n<link rel=\"canonical\" href=\"https:\/\/www.swiftwaymoving.com\/en\/residential-move\/\" \/>\n<meta property=\"og:locale\" content=\"en_US\" \/>\n<meta property=\"og:type\" content=\"article\" \/>\n<meta property=\"og:title\" content=\"Residential Move - D\u00e9m\u00e9nagement Swiftway Moving\" \/>\n<meta property=\"og:description\" content=\"D\u00e9couvrez la diff\u00e9rence ! Residential Move Commercial moving Long distance moving Pianos et mat\u00e9riels lourds Bo\u00eetes et accessoires Services d\u2019emballage et d\u00e9ballage Many different elements come into consideration when evaluating the total cost of a move. Fortunately, the client can control most of these. Here are some of the questions you should ask prior to [&hellip;]\" \/>\n<meta property=\"og:url\" content=\"https:\/\/www.swiftwaymoving.com\/en\/residential-move\/\" \/>\n<meta property=\"og:site_name\" content=\"D\u00e9m\u00e9nagement Swiftway Moving\" \/>\n<meta property=\"article:modified_time\" content=\"2022-07-19T20:24:12+00:00\" \/>\n<meta property=\"og:image\" content=\"https:\/\/www.swiftwaymoving.com\/wp-content\/uploads\/2022\/06\/2.png\" \/>\n<meta name=\"twitter:card\" content=\"summary_large_image\" \/>\n<meta name=\"twitter:label1\" content=\"Est. reading time\" \/>\n\t<meta name=\"twitter:data1\" content=\"1 minute\" \/>\n<script type=\"application\/ld+json\" class=\"yoast-schema-graph\">{\"@context\":\"https:\/\/schema.org\",\"@graph\":[{\"@type\":\"WebPage\",\"@id\":\"https:\/\/www.swiftwaymoving.com\/en\/residential-move\/\",\"url\":\"https:\/\/www.swiftwaymoving.com\/en\/residential-move\/\",\"name\":\"Residential Move - D\u00e9m\u00e9nagement Swiftway Moving\",\"isPartOf\":{\"@id\":\"https:\/\/www.swiftwaymoving.com\/en\/#website\"},\"datePublished\":\"2021-10-07T05:19:42+00:00\",\"dateModified\":\"2022-07-19T20:24:12+00:00\",\"breadcrumb\":{\"@id\":\"https:\/\/www.swiftwaymoving.com\/en\/residential-move\/#breadcrumb\"},\"inLanguage\":\"en-US\",\"potentialAction\":[{\"@type\":\"ReadAction\",\"target\":[\"https:\/\/www.swiftwaymoving.com\/en\/residential-move\/\"]}]},{\"@type\":\"BreadcrumbList\",\"@id\":\"https:\/\/www.swiftwaymoving.com\/en\/residential-move\/#breadcrumb\",\"itemListElement\":[{\"@type\":\"ListItem\",\"position\":1,\"name\":\"Accueil\",\"item\":\"https:\/\/www.swiftwaymoving.com\/en\/\"},{\"@type\":\"ListItem\",\"position\":2,\"name\":\"Residential Move\"}]},{\"@type\":\"WebSite\",\"@id\":\"https:\/\/www.swiftwaymoving.com\/en\/#website\",\"url\":\"https:\/\/www.swiftwaymoving.com\/en\/\",\"name\":\"D\u00e9m\u00e9nagement Swiftway Moving\",\"description\":\"\",\"publisher\":{\"@id\":\"https:\/\/www.swiftwaymoving.com\/en\/#organization\"},\"potentialAction\":[{\"@type\":\"SearchAction\",\"target\":{\"@type\":\"EntryPoint\",\"urlTemplate\":\"https:\/\/www.swiftwaymoving.com\/en\/?s={search_term_string}\"},\"query-input\":\"required name=search_term_string\"}],\"inLanguage\":\"en-US\"},{\"@type\":\"Organization\",\"@id\":\"https:\/\/www.swiftwaymoving.com\/en\/#organization\",\"name\":\"D\u00e9m\u00e9nagement Swiftway Moving\",\"url\":\"https:\/\/www.swiftwaymoving.com\/en\/\",\"logo\":{\"@type\":\"ImageObject\",\"inLanguage\":\"en-US\",\"@id\":\"https:\/\/www.swiftwaymoving.com\/en\/#\/schema\/logo\/image\/\",\"url\":\"https:\/\/www.swiftwaymoving.com\/wp-content\/uploads\/2022\/06\/logo_swiftway.png\",\"contentUrl\":\"https:\/\/www.swiftwaymoving.com\/wp-content\/uploads\/2022\/06\/logo_swiftway.png\",\"width\":2062,\"height\":584,\"caption\":\"D\u00e9m\u00e9nagement Swiftway Moving\"},\"image\":{\"@id\":\"https:\/\/www.swiftwaymoving.com\/en\/#\/schema\/logo\/image\/\"}}]}<\/script>\n<!-- \/ Yoast SEO plugin. -->","yoast_head_json":{"title":"Residential Move - D\u00e9m\u00e9nagement Swiftway Moving","robots":{"index":"index","follow":"follow","max-snippet":"max-snippet:-1","max-image-preview":"max-image-preview:large","max-video-preview":"max-video-preview:-1"},"canonical":"https:\/\/www.swiftwaymoving.com\/en\/residential-move\/","og_locale":"en_US","og_type":"article","og_title":"Residential Move - D\u00e9m\u00e9nagement Swiftway Moving","og_description":"D\u00e9couvrez la diff\u00e9rence ! Residential Move Commercial moving Long distance moving Pianos et mat\u00e9riels lourds Bo\u00eetes et accessoires Services d\u2019emballage et d\u00e9ballage Many different elements come into consideration when evaluating the total cost of a move. Fortunately, the client can control most of these. Here are some of the questions you should ask prior to [&hellip;]","og_url":"https:\/\/www.swiftwaymoving.com\/en\/residential-move\/","og_site_name":"D\u00e9m\u00e9nagement Swiftway Moving","article_modified_time":"2022-07-19T20:24:12+00:00","og_image":[{"url":"https:\/\/www.swiftwaymoving.com\/wp-content\/uploads\/2022\/06\/2.png"}],"twitter_card":"summary_large_image","twitter_misc":{"Est. reading time":"1 minute"},"schema":{"@context":"https:\/\/schema.org","@graph":[{"@type":"WebPage","@id":"https:\/\/www.swiftwaymoving.com\/en\/residential-move\/","url":"https:\/\/www.swiftwaymoving.com\/en\/residential-move\/","name":"Residential Move - D\u00e9m\u00e9nagement Swiftway Moving","isPartOf":{"@id":"https:\/\/www.swiftwaymoving.com\/en\/#website"},"datePublished":"2021-10-07T05:19:42+00:00","dateModified":"2022-07-19T20:24:12+00:00","breadcrumb":{"@id":"https:\/\/www.swiftwaymoving.com\/en\/residential-move\/#breadcrumb"},"inLanguage":"en-US","potentialAction":[{"@type":"ReadAction","target":["https:\/\/www.swiftwaymoving.com\/en\/residential-move\/"]}]},{"@type":"BreadcrumbList","@id":"https:\/\/www.swiftwaymoving.com\/en\/residential-move\/#breadcrumb","itemListElement":[{"@type":"ListItem","position":1,"name":"Accueil","item":"https:\/\/www.swiftwaymoving.com\/en\/"},{"@type":"ListItem","position":2,"name":"Residential Move"}]},{"@type":"WebSite","@id":"https:\/\/www.swiftwaymoving.com\/en\/#website","url":"https:\/\/www.swiftwaymoving.com\/en\/","name":"D\u00e9m\u00e9nagement Swiftway Moving","description":"","publisher":{"@id":"https:\/\/www.swiftwaymoving.com\/en\/#organization"},"potentialAction":[{"@type":"SearchAction","target":{"@type":"EntryPoint","urlTemplate":"https:\/\/www.swiftwaymoving.com\/en\/?s={search_term_string}"},"query-input":"required name=search_term_string"}],"inLanguage":"en-US"},{"@type":"Organization","@id":"https:\/\/www.swiftwaymoving.com\/en\/#organization","name":"D\u00e9m\u00e9nagement Swiftway Moving","url":"https:\/\/www.swiftwaymoving.com\/en\/","logo":{"@type":"ImageObject","inLanguage":"en-US","@id":"https:\/\/www.swiftwaymoving.com\/en\/#\/schema\/logo\/image\/","url":"https:\/\/www.swiftwaymoving.com\/wp-content\/uploads\/2022\/06\/logo_swiftway.png","contentUrl":"https:\/\/www.swiftwaymoving.com\/wp-content\/uploads\/2022\/06\/logo_swiftway.png","width":2062,"height":584,"caption":"D\u00e9m\u00e9nagement Swiftway Moving"},"image":{"@id":"https:\/\/www.swiftwaymoving.com\/en\/#\/schema\/logo\/image\/"}}]}},"_links":{"self":[{"href":"https:\/\/www.swiftwaymoving.com\/en\/wp-json\/wp\/v2\/pages\/856"}],"collection":[{"href":"https:\/\/www.swiftwaymoving.com\/en\/wp-json\/wp\/v2\/pages"}],"about":[{"href":"https:\/\/www.swiftwaymoving.com\/en\/wp-json\/wp\/v2\/types\/page"}],"author":[{"embeddable":true,"href":"https:\/\/www.swiftwaymoving.com\/en\/wp-json\/wp\/v2\/users\/1"}],"replies":[{"embeddable":true,"href":"https:\/\/www.swiftwaymoving.com\/en\/wp-json\/wp\/v2\/comments?post=856"}],"version-history":[{"count":31,"href":"https:\/\/www.swiftwaymoving.com\/en\/wp-json\/wp\/v2\/pages\/856\/revisions"}],"predecessor-version":[{"id":3220,"href":"https:\/\/www.swiftwaymoving.com\/en\/wp-json\/wp\/v2\/pages\/856\/revisions\/3220"}],"wp:attachment":[{"href":"https:\/\/www.swiftwaymoving.com\/en\/wp-json\/wp\/v2\/media?parent=856"}],"curies":[{"name":"wp","href":"https:\/\/api.w.org\/{rel}","templated":true}]}}